{"id":1763,"date":"2023-04-03T06:35:26","date_gmt":"2023-04-03T06:35:26","guid":{"rendered":"https:\/\/femofi.de\/?page_id=1763"},"modified":"2023-04-03T06:36:16","modified_gmt":"2023-04-03T06:36:16","slug":"cost","status":"publish","type":"page","link":"https:\/\/femofi.de\/en\/cost\/","title":{"rendered":"Cost"},"content":{"rendered":"<div data-elementor-type=\"wp-page\" data-elementor-id=\"1763\" class=\"elementor elementor-1763\" data-elementor-post-type=\"page\">\n\t\t\t\t\t\t<section class=\"elementor-section elementor-top-section elementor-element elementor-element-3d6852dd elementor-section-boxed elementor-section-height-default elementor-section-height-default\" data-id=\"3d6852dd\" data-element_type=\"section\" data-e-type=\"section\" data-settings=\"{&quot;background_background&quot;:&quot;classic&quot;}\">\n\t\t\t\t\t\t\t<div class=\"elementor-background-overlay\"><\/div>\n\t\t\t\t\t\t\t<div class=\"elementor-container elementor-column-gap-default\">\n\t\t\t\t\t<div class=\"elementor-column elementor-col-100 elementor-top-column elementor-element elementor-element-58c52cc2\" data-id=\"58c52cc2\" data-element_type=\"column\" data-e-type=\"column\">\n\t\t\t<div class=\"elementor-widget-wrap elementor-element-populated\">\n\t\t\t\t\t\t<div class=\"elementor-element elementor-element-6be7d5f elementor-hidden-desktop elementor-hidden-tablet elementor-widget elementor-widget-spacer\" data-id=\"6be7d5f\" data-element_type=\"widget\" data-e-type=\"widget\" data-widget_type=\"spacer.default\">\n\t\t\t\t<div class=\"elementor-widget-container\">\n\t\t\t\t\t\t\t<div class=\"elementor-spacer\">\n\t\t\t<div class=\"elementor-spacer-inner\"><\/div>\n\t\t<\/div>\n\t\t\t\t\t\t<\/div>\n\t\t\t\t<\/div>\n\t\t\t\t<div class=\"elementor-element elementor-element-5583f7d1 elementor-widget elementor-widget-heading\" data-id=\"5583f7d1\" data-element_type=\"widget\" data-e-type=\"widget\" data-widget_type=\"heading.default\">\n\t\t\t\t<div class=\"elementor-widget-container\">\n\t\t\t\t\t<h1 class=\"elementor-heading-title elementor-size-default\">Transparente Kosten<\/h1>\t\t\t\t<\/div>\n\t\t\t\t<\/div>\n\t\t\t\t\t<\/div>\n\t\t<\/div>\n\t\t\t\t\t<\/div>\n\t\t<\/section>\n\t\t\t\t<section class=\"elementor-section elementor-top-section elementor-element elementor-element-87a7d4a elementor-section-boxed elementor-section-height-default elementor-section-height-default\" data-id=\"87a7d4a\" data-element_type=\"section\" data-e-type=\"section\">\n\t\t\t\t\t\t<div class=\"elementor-container elementor-column-gap-default\">\n\t\t\t\t\t<div class=\"elementor-column elementor-col-50 elementor-top-column elementor-element elementor-element-da3f4b6\" data-id=\"da3f4b6\" data-element_type=\"column\" data-e-type=\"column\">\n\t\t\t<div class=\"elementor-widget-wrap elementor-element-populated\">\n\t\t\t\t\t\t<div class=\"elementor-element elementor-element-9c50ab3 elementor-hidden-mobile elementor-widget elementor-widget-spacer\" data-id=\"9c50ab3\" data-element_type=\"widget\" data-e-type=\"widget\" data-widget_type=\"spacer.default\">\n\t\t\t\t<div class=\"elementor-widget-container\">\n\t\t\t\t\t\t\t<div class=\"elementor-spacer\">\n\t\t\t<div class=\"elementor-spacer-inner\"><\/div>\n\t\t<\/div>\n\t\t\t\t\t\t<\/div>\n\t\t\t\t<\/div>\n\t\t\t\t<div class=\"elementor-element elementor-element-1013ec2 elementor-widget elementor-widget-heading\" data-id=\"1013ec2\" data-element_type=\"widget\" data-e-type=\"widget\" data-widget_type=\"heading.default\">\n\t\t\t\t<div class=\"elementor-widget-container\">\n\t\t\t\t\t<h2 class=\"elementor-heading-title elementor-size-default\">Honorarberatung<\/h2>\t\t\t\t<\/div>\n\t\t\t\t<\/div>\n\t\t\t\t<div class=\"elementor-element elementor-element-6da0901 elementor-hidden-desktop elementor-hidden-tablet elementor-widget elementor-widget-image\" data-id=\"6da0901\" data-element_type=\"widget\" data-e-type=\"widget\" data-widget_type=\"image.default\">\n\t\t\t\t<div class=\"elementor-widget-container\">\n\t\t\t\t\t\t\t\t\t\t\t\t\t\t\t<img fetchpriority=\"high\" decoding=\"async\" width=\"1024\" height=\"683\" src=\"https:\/\/femofi.de\/wp-content\/uploads\/2023\/02\/scott-graham-5fNmWej4tAA-unsplash-1024x683.jpg\" class=\"attachment-large size-large wp-image-837\" alt=\"\" \/>\t\t\t\t\t\t\t\t\t\t\t\t\t\t\t<\/div>\n\t\t\t\t<\/div>\n\t\t\t\t<div class=\"elementor-element elementor-element-2bfb1c2 elementor-widget elementor-widget-text-editor\" data-id=\"2bfb1c2\" data-element_type=\"widget\" data-e-type=\"widget\" data-widget_type=\"text-editor.default\">\n\t\t\t\t<div class=\"elementor-widget-container\">\n\t\t\t\t\t\t\t\t\t<p><span style=\"text-align: justify;\">Honorarberatung bezeichnet eine Form der Finanzberatung, bei der der Berater ausschlie\u00dflich durch ein vorher vereinbartes Honorar verg\u00fctet wird und somit unabh\u00e4ngig von Abschlussprovisionen oder Verkaufserfolgen ist. Du bezahlst uns hier also ausschlie\u00dflich f\u00fcr unsere Zeit. Wie viel Du anschlie\u00dfend investierst oder welche Instrumente daf\u00fcr verwendet beeinflusst die Kosten nicht.<\/span><\/p><p><span style=\"text-align: justify;\">Die genauen Kosten sind abh\u00e4ngig vom zu erwartenden Aufwand, werden von uns aber im ersten Gespr\u00e4ch mitgeteilt, damit Du genau wei\u00dft, was Du zu erwarten hast.<\/span><\/p>\t\t\t\t\t\t\t\t<\/div>\n\t\t\t\t<\/div>\n\t\t\t\t\t<\/div>\n\t\t<\/div>\n\t\t\t\t<div class=\"elementor-column elementor-col-50 elementor-top-column elementor-element elementor-element-4b3cddd\" data-id=\"4b3cddd\" data-element_type=\"column\" data-e-type=\"column\">\n\t\t\t<div class=\"elementor-widget-wrap elementor-element-populated\">\n\t\t\t\t\t\t<div class=\"elementor-element elementor-element-ec2845a elementor-hidden-mobile elementor-widget elementor-widget-spacer\" data-id=\"ec2845a\" data-element_type=\"widget\" data-e-type=\"widget\" data-widget_type=\"spacer.default\">\n\t\t\t\t<div class=\"elementor-widget-container\">\n\t\t\t\t\t\t\t<div class=\"elementor-spacer\">\n\t\t\t<div class=\"elementor-spacer-inner\"><\/div>\n\t\t<\/div>\n\t\t\t\t\t\t<\/div>\n\t\t\t\t<\/div>\n\t\t\t\t<div class=\"elementor-element elementor-element-4ce987d elementor-hidden-mobile elementor-widget elementor-widget-image\" data-id=\"4ce987d\" data-element_type=\"widget\" data-e-type=\"widget\" data-widget_type=\"image.default\">\n\t\t\t\t<div class=\"elementor-widget-container\">\n\t\t\t\t\t\t\t\t\t\t\t\t\t\t\t<img fetchpriority=\"high\" decoding=\"async\" width=\"1024\" height=\"683\" src=\"https:\/\/femofi.de\/wp-content\/uploads\/2023\/02\/scott-graham-5fNmWej4tAA-unsplash-1024x683.jpg\" class=\"attachment-large size-large wp-image-837\" alt=\"\" \/>\t\t\t\t\t\t\t\t\t\t\t\t\t\t\t<\/div>\n\t\t\t\t<\/div>\n\t\t\t\t\t<\/div>\n\t\t<\/div>\n\t\t\t\t\t<\/div>\n\t\t<\/section>\n\t\t\t\t<section class=\"elementor-section elementor-top-section elementor-element elementor-element-2cb49a5 elementor-section-boxed elementor-section-height-default elementor-section-height-default\" data-id=\"2cb49a5\" data-element_type=\"section\" data-e-type=\"section\">\n\t\t\t\t\t\t<div class=\"elementor-container elementor-column-gap-default\">\n\t\t\t\t\t<div class=\"elementor-column elementor-col-50 elementor-top-column elementor-element elementor-element-3ae7487\" data-id=\"3ae7487\" data-element_type=\"column\" data-e-type=\"column\">\n\t\t\t<div class=\"elementor-widget-wrap elementor-element-populated\">\n\t\t\t\t\t\t<div class=\"elementor-element elementor-element-c4fba76 elementor-hidden-mobile elementor-widget elementor-widget-spacer\" data-id=\"c4fba76\" data-element_type=\"widget\" data-e-type=\"widget\" data-widget_type=\"spacer.default\">\n\t\t\t\t<div class=\"elementor-widget-container\">\n\t\t\t\t\t\t\t<div class=\"elementor-spacer\">\n\t\t\t<div class=\"elementor-spacer-inner\"><\/div>\n\t\t<\/div>\n\t\t\t\t\t\t<\/div>\n\t\t\t\t<\/div>\n\t\t\t\t<div class=\"elementor-element elementor-element-07cdf4e elementor-hidden-mobile elementor-widget elementor-widget-image\" data-id=\"07cdf4e\" data-element_type=\"widget\" data-e-type=\"widget\" data-widget_type=\"image.default\">\n\t\t\t\t<div class=\"elementor-widget-container\">\n\t\t\t\t\t\t\t\t\t\t\t\t\t\t\t<img decoding=\"async\" width=\"1024\" height=\"768\" src=\"https:\/\/femofi.de\/wp-content\/uploads\/2023\/02\/pexels-kindel-media-7651559-1024x768.jpg\" class=\"attachment-large size-large wp-image-838\" alt=\"\" \/>\t\t\t\t\t\t\t\t\t\t\t\t\t\t\t<\/div>\n\t\t\t\t<\/div>\n\t\t\t\t\t<\/div>\n\t\t<\/div>\n\t\t\t\t<div class=\"elementor-column elementor-col-50 elementor-top-column elementor-element elementor-element-8da5179\" data-id=\"8da5179\" data-element_type=\"column\" data-e-type=\"column\">\n\t\t\t<div class=\"elementor-widget-wrap elementor-element-populated\">\n\t\t\t\t\t\t<div class=\"elementor-element elementor-element-ab733f7 elementor-hidden-mobile elementor-widget elementor-widget-spacer\" data-id=\"ab733f7\" data-element_type=\"widget\" data-e-type=\"widget\" data-widget_type=\"spacer.default\">\n\t\t\t\t<div class=\"elementor-widget-container\">\n\t\t\t\t\t\t\t<div class=\"elementor-spacer\">\n\t\t\t<div class=\"elementor-spacer-inner\"><\/div>\n\t\t<\/div>\n\t\t\t\t\t\t<\/div>\n\t\t\t\t<\/div>\n\t\t\t\t<div class=\"elementor-element elementor-element-8c0709f elementor-widget elementor-widget-heading\" data-id=\"8c0709f\" data-element_type=\"widget\" data-e-type=\"widget\" data-widget_type=\"heading.default\">\n\t\t\t\t<div class=\"elementor-widget-container\">\n\t\t\t\t\t<h2 class=\"elementor-heading-title elementor-size-default\">Verwaltungsgeb\u00fchr<\/h2>\t\t\t\t<\/div>\n\t\t\t\t<\/div>\n\t\t\t\t<div class=\"elementor-element elementor-element-9ae38c6 elementor-hidden-desktop elementor-hidden-tablet elementor-widget elementor-widget-image\" data-id=\"9ae38c6\" data-element_type=\"widget\" data-e-type=\"widget\" data-widget_type=\"image.default\">\n\t\t\t\t<div class=\"elementor-widget-container\">\n\t\t\t\t\t\t\t\t\t\t\t\t\t\t\t<img decoding=\"async\" width=\"1024\" height=\"768\" src=\"https:\/\/femofi.de\/wp-content\/uploads\/2023\/02\/pexels-kindel-media-7651559-1024x768.jpg\" class=\"attachment-large size-large wp-image-838\" alt=\"\" \/>\t\t\t\t\t\t\t\t\t\t\t\t\t\t\t<\/div>\n\t\t\t\t<\/div>\n\t\t\t\t<div class=\"elementor-element elementor-element-5934265 elementor-widget elementor-widget-text-editor\" data-id=\"5934265\" data-element_type=\"widget\" data-e-type=\"widget\" data-widget_type=\"text-editor.default\">\n\t\t\t\t<div class=\"elementor-widget-container\">\n\t\t\t\t\t\t\t\t\t<p>Eine Verwaltungsgeb\u00fchr ist eine Geb\u00fchr, die von einem Verm\u00f6gensverwalter f\u00fcr die Verwaltung von Verm\u00f6genswerten erhoben wird. Die Verwaltungsgeb\u00fchr wird in der Regel als Prozentsatz des verwalteten Verm\u00f6gens berechnet. Hierbei fallen f\u00fcr Dich also keine einmaligen Kosten f\u00fcr die Beratung an, sondern j\u00e4hrlich ein kleiner Prozentsatz Deines angelegten Geldes.<\/p><p>Auch hier besprechen wir die genauen Kosten mit dir w\u00e4hrend des Kennenlerngespr\u00e4chs, damit Du f\u00fcr Dich entscheiden kannst, welcher Art der Kostenstruktur dir lieber ist.<\/p><p>\u00a0<\/p>\t\t\t\t\t\t\t\t<\/div>\n\t\t\t\t<\/div>\n\t\t\t\t\t<\/div>\n\t\t<\/div>\n\t\t\t\t\t<\/div>\n\t\t<\/section>\n\t\t\t\t<\/div>","protected":false},"excerpt":{"rendered":"<p>Transparente Kosten Honorarberatung Honorarberatung bezeichnet eine Form der Finanzberatung, bei der der Berater ausschlie\u00dflich durch ein vorher vereinbartes Honorar verg\u00fctet wird und somit unabh\u00e4ngig von Abschlussprovisionen oder Verkaufserfolgen ist. Du bezahlst uns hier also ausschlie\u00dflich f\u00fcr unsere Zeit. Wie viel Du anschlie\u00dfend investierst oder welche Instrumente daf\u00fcr verwendet beeinflusst die Kosten nicht. Die genauen Kosten &hellip;<\/p>\n<p class=\"read-more\"> <a class=\"\" href=\"https:\/\/femofi.de\/en\/cost\/\"> <span class=\"screen-reader-text\">Cost<\/span> Read More &raquo;<\/a><\/p>","protected":false},"author":2,"featured_media":0,"parent":0,"menu_order":0,"comment_status":"closed","ping_status":"closed","template":"","meta":{"inline_featured_image":false,"site-sidebar-layout":"no-sidebar","site-content-layout":"page-builder","ast-global-header-display":"","ast-main-header-display":"","ast-hfb-above-header-display":"","ast-hfb-below-header-display":"","ast-hfb-mobile-header-display":"","site-post-title":"disabled","ast-breadcrumbs-content":"","ast-featured-img":"disabled","footer-sml-layout":"","theme-transparent-header-meta":"","adv-header-id-meta":"","stick-header-meta":"","header-above-stick-meta":"","header-main-stick-meta":"","header-below-stick-meta":"","footnotes":""},"class_list":["post-1763","page","type-page","status-publish","hentry"],"rttpg_featured_image_url":null,"rttpg_author":{"display_name":"Konstantin Schmidt","author_link":"https:\/\/femofi.de\/en\/author\/konstantin-schmidt\/"},"rttpg_comment":0,"rttpg_category":" <a href=\"https:\/\/femofi.de\/en\/\" rel=\"tag\">EN<\/a>","rttpg_excerpt":"Transparente Kosten Honorarberatung Honorarberatung bezeichnet eine Form der Finanzberatung, bei der der Berater ausschlie\u00dflich durch ein vorher vereinbartes Honorar verg\u00fctet wird und somit unabh\u00e4ngig von Abschlussprovisionen oder Verkaufserfolgen ist. Du bezahlst uns hier also ausschlie\u00dflich f\u00fcr unsere Zeit. Wie viel Du anschlie\u00dfend investierst oder welche Instrumente daf\u00fcr verwendet beeinflusst die Kosten nicht. Die genauen Kosten&hellip;","_links":{"self":[{"href":"https:\/\/femofi.de\/en\/wp-json\/wp\/v2\/pages\/1763","targetHints":{"allow":["GET"]}}],"collection":[{"href":"https:\/\/femofi.de\/en\/wp-json\/wp\/v2\/pages"}],"about":[{"href":"https:\/\/femofi.de\/en\/wp-json\/wp\/v2\/types\/page"}],"author":[{"embeddable":true,"href":"https:\/\/femofi.de\/en\/wp-json\/wp\/v2\/users\/2"}],"replies":[{"embeddable":true,"href":"https:\/\/femofi.de\/en\/wp-json\/wp\/v2\/comments?post=1763"}],"version-history":[{"count":2,"href":"https:\/\/femofi.de\/en\/wp-json\/wp\/v2\/pages\/1763\/revisions"}],"predecessor-version":[{"id":1765,"href":"https:\/\/femofi.de\/en\/wp-json\/wp\/v2\/pages\/1763\/revisions\/1765"}],"wp:attachment":[{"href":"https:\/\/femofi.de\/en\/wp-json\/wp\/v2\/media?parent=1763"}],"curies":[{"name":"wp","href":"https:\/\/api.w.org\/{rel}","templated":true}]}}